{"id":3,"date":"2023-03-08T18:39:25","date_gmt":"2023-03-08T18:39:25","guid":{"rendered":"https:\/\/frugasa.mx\/?page_id=3"},"modified":"2023-07-26T19:51:47","modified_gmt":"2023-07-26T19:51:47","slug":"politica-privacidad","status":"publish","type":"page","link":"https:\/\/frugasa.mx\/en\/politica-privacidad\/","title":{"rendered":"Pol\u00edtica de privacidad"},"content":{"rendered":"<div data-elementor-type=\"wp-page\" data-elementor-id=\"3\" class=\"elementor elementor-3\">\n\t\t\t\t\t\t<section class=\"elementor-section elementor-top-section elementor-element elementor-element-3b979baf elementor-section-boxed elementor-section-height-default elementor-section-height-default\" data-id=\"3b979baf\" data-element_type=\"section\">\n\t\t\t\t\t\t<div class=\"elementor-container elementor-column-gap-default\">\n\t\t\t\t\t<div class=\"elementor-column elementor-col-100 elementor-top-column elementor-element elementor-element-49bc8ad7\" data-id=\"49bc8ad7\" data-element_type=\"column\">\n\t\t\t<div class=\"elementor-widget-wrap elementor-element-populated\">\n\t\t\t\t\t\t<div class=\"elementor-element elementor-element-fabcef9 elementor-widget elementor-widget-heading\" data-id=\"fabcef9\" data-element_type=\"widget\" data-widget_type=\"heading.default\">\n\t\t\t\t<div class=\"elementor-widget-container\">\n\t\t\t\t\t<h2 class=\"elementor-heading-title elementor-size-default\">AVISO DE PRIVACIDAD<\/h2>\t\t\t\t<\/div>\n\t\t\t\t<\/div>\n\t\t\t\t<div class=\"elementor-element elementor-element-403e5747 elementor-widget elementor-widget-text-editor\" data-id=\"403e5747\" data-element_type=\"widget\" data-widget_type=\"text-editor.default\">\n\t\t\t\t<div class=\"elementor-widget-container\">\n\t\t\t\t\t\t\t\t\t<p class=\"s5\"><span class=\"s2\">FRUGASA S.A. DE C.V.<\/span><span class=\"s2\">\u00a0<\/span><span class=\"s4\">\u00a0(en adelante denominado como el \u201c<\/span><span class=\"s4\">FRUGASA<\/span><span class=\"s4\">\u201d), con domicilio en <\/span><span class=\"s4\">Retorno Antonio Caso\u00a0#340,\u00a0Complejo Industrial Chihuahua,<\/span><span class=\"s4\"><br \/><\/span><span class=\"s4\">C.P.\u00a031136<\/span><span class=\"s4\">, <\/span><span class=\"s4\">Chihuahua, Chihuahua, M\u00e9xico<\/span><\/p>\n<p class=\"s5\"><span class=\"s4\">es el responsable del tratamiento de sus datos personales.<\/span><\/p>\n<p class=\"s5\"><span class=\"s4\">Le informamos que obtenemos sus datos personales a trav\u00e9s de las siguientes formas:<\/span><\/p>\n<div class=\"s7\">1. <span class=\"s2\">Personalmente:\u00a0<\/span><span class=\"s4\">Cuando usted acude al\u00a0 domicilio o cualquier punto de venta donde de \u201c<\/span><span class=\"s6\">FRUGASA\u201d <\/span><span class=\"s4\">solicitar <\/span><span class=\"s4\">informci\u00f3n de nuestros <\/span><span class=\"s4\">servicios en el portal de internet.\u00a0<\/span><\/div>\n<div class=\"s7\">1. <span class=\"s2\">Directa:<\/span><span class=\"s4\">\u00a0Cuando nos proporciona sus datos personales para solicitar o contratar nuestros productos o servicios, participar\u00a0 en promociones directas o indirectas, ofertas, sorteos, ya sea a trav\u00e9s de nuestra p\u00e1gina en Internet,\u00a0 v\u00eda\u00a0 telef\u00f3nica o cualquier otro medio tecnol\u00f3gico.<\/span><\/div>\n<div class=\"s7\">1. <span class=\"s2\">Indirecta:<\/span><span class=\"s4\">\u00a0De cualquier otra fuente de informaci\u00f3n comercialmente disponibles o que sean permitidas por la Ley.<\/span><\/div>\n<p class=\"s5\"><span class=\"s2\">Las categor\u00edas de datos personales a recabar y sujetas a tratamiento son<\/span><span class=\"s4\">:<\/span><\/p>\n<div class=\"s7\">1. <span class=\"s4\">a)\u00a0<\/span><span class=\"s2\">Datos de identificaci\u00f3n del Paciente\u00a0<\/span><\/div>\n<div class=\"s7\">1. <span class=\"s4\">(Oficial con fotograf\u00eda, IFE \/INE, Cartilla de Vacunaci\u00f3n, C\u00e9dula Profesional, Pasaporte, Licencia para Conducir expedida por autoridad competente).\u00a0<\/span><\/div>\n<div class=\"s7\">1. <span class=\"s4\">b)\u00a0<\/span><span class=\"s2\">Datos de Contacto<\/span><\/div>\n<div class=\"s7\">1. <span class=\"s4\">(Nombre, domicilio, tel\u00e9fono (s); correo electr\u00f3nico).<\/span><\/div>\n<div class=\"s7\">1. <span class=\"s4\">c)\u00a0<\/span><span class=\"s2\">Patrimoniales\u00a0<\/span><span class=\"s4\">y\u00a0<\/span><span class=\"s2\">Financiero<\/span><\/div>\n<div class=\"s7\">1. <span class=\"s4\">(Datos financieros, Estados de Cuenta, etc.)\u00a0<\/span><\/div>\n<div class=\"s7\">1. <span class=\"s4\">d)\u00a0<\/span><span class=\"s2\">Datos\u00a0sobreFacturaci\u00f3n<\/span><span class=\"s4\">\u00a0(Registro Federal del Causante o RFC \/ CURP).\u00a0<\/span><\/div>\n<p class=\"s5\"><span class=\"s4\">\u00a0<\/span><\/p>\n<p class=\"s5\"><span class=\"s4\">\u201c<\/span><span class=\"s6\">FRUGASA<\/span><span class=\"s4\">\u201d NO solicita ni trata datos personales sensibles.<\/span><\/p>\n<p class=\"s5\"><span class=\"s4\">El hecho de que nos proporciones por cualquier medio tus datos personales y\/o los de tu hijo\/a menor sobre quien ejerces la patria potestad, implica que otorgas tu <\/span><span class=\"s4\">consentimiento libre, espec\u00edfico, informado e inequ\u00edvoco para el tratamiento de los mismos en los t\u00e9rminos del presente aviso de privacidad.<\/span><\/p>\n<p class=\"s5\"><span class=\"s4\">\u00a0<\/span><\/p>\n<p class=\"s5\"><span class=\"s2\">Finalidades Primarias o necesarias por las cuales se recaban los datos:<\/span><\/p>\n<p class=\"s5\"><span class=\"s4\">Identificar y poder poner a su disposici\u00f3n la venta de los productos y estar en la posibilidad de personalizar el servicio; as\u00ed como poder estar en posibilidad de documentar y dar soluci\u00f3n a las problem\u00e1ticas que pudieran surgir durante el servicio de <\/span><span class=\"s4\">informaci\u00f3n de servicios<\/span><span class=\"s4\">.<\/span><\/p>\n<p class=\"s5\"><span class=\"s4\">Para los Visitantes que ingresan a las instalaciones de \u201c<\/span><span class=\"s6\">FRUGASA\u201d<\/span><span class=\"s4\"> tener un registro para seguridad \u00a0con el acceso, control, video vigilancia \/ grabaci\u00f3n, para garantizar la seguridad e integridad de las instalaciones, personal, herramientas y equipo de \u201c<\/span><span class=\"s4\">FRUGASA<\/span><span class=\"s6\">\u00a0<\/span><span class=\"s4\">\u201d.\u00a0<\/span><\/p>\n<p class=\"s5\"><span class=\"s4\">Elaborar y mantener actualizada nuestra base de datos de los clientes y sus preferencias<\/span><\/p>\n<p class=\"s5\"><span class=\"s4\">Atenci\u00f3n de dudas, aclaraciones, quejas y\/o sugerencias de nuestro(s) producto(s) y la(s) modalidad(es) de venta de los productos.\u00a0<\/span><\/p>\n<p class=\"s5\"><span class=\"s4\">\u00a0<\/span><\/p>\n<p class=\"s5\"><span class=\"s2\">Adicionalmente le informamos que sus datos pueden ser tratados para las siguientes finalidades Secundarias:<\/span><span class=\"s4\">\u00a0<\/span><\/p>\n<p class=\"s5\"><span class=\"s4\">Para fines de mercadotecnia, publicidad y\/o prospecci\u00f3n comercial con el fin de promocionar servicios fuera de los establecidos en las finalidades primarias.<\/span><\/p>\n<p class=\"s5\"><span class=\"s4\">Con la finalidad de invitarlo a participar en promociones, concursos y\/o actividades que no formen parte de lo estipulado en las finalidades primarias que le sean aplicables.\u00a0<\/span><\/p>\n<p class=\"s5\"><span class=\"s4\">Usted cuenta con un plazo de cinco d\u00edas h\u00e1biles para que, de ser el caso, manifieste su negativa para el tratamiento de los datos personales no sean tratados conforme a las finalidades secundarias se\u00f1aladas en el presente aviso.<\/span><\/p>\n<p class=\"s5\"><span class=\"s4\">Las\u00a0<\/span><span class=\"s2\">finalidades secundarias\u00a0<\/span><span class=\"s4\">enunciadas anteriormente no son necesarias para proporcionarle nuestros productos y servicios, pero nos son de gran utilidad para brindarle un mejor servicio, mejorar la calidad de nuestros productos y servicios, as\u00ed como para comunicarle las promociones y ofertas de los mismos.<\/span><\/p>\n<p class=\"s5\"><span class=\"s4\">\u00a0<\/span><\/p>\n<p class=\"s5\"><span class=\"s2\">Datos personales de Terceros<\/span><\/p>\n<p class=\"s5\"><span class=\"s4\">En caso de que nos proporcione datos personales de terceros y estos se traten de menores de edad, solamente lo deber\u00e1 hacer de quienes usted es su padre, madre o tutor. Estos \u00a0datos \u00fanicamente ser\u00e1n utilizados para proporcionarle el servicio que usted solicita o contrata con nosotros para efectos del menor. No se tratar\u00e1n sus datos personales para finalidades secundarias, y \u00fanicamente podr\u00e1 recabarse informaci\u00f3n de identificaci\u00f3n y contacto. Asimismo, cualquier derecho relacionado con el menor, deber\u00e1 ser solicitado directamente por usted o por cualquier otra persona que tenga sobre \u00e9l la patria potestad o tutela, en los t\u00e9rminos de los procedimientos contemplados para usted en presente aviso de privacidad<\/span><\/p>\n<p class=\"s5\"><span class=\"s4\">\u00a0<\/span><\/p>\n<p class=\"s5\"><span class=\"s2\">PROTECCI\u00d3N DE DERECHOS ANTE EL INAI<\/span><\/p>\n<p class=\"s5\"><span class=\"s4\">El titular de los datos personales tiene el derecho que le asiste la Ley (LFPDPPP) y su Reglamento, para acudir ante el Instituto Nacional de Transparencia, Acceso a la Informaci\u00f3n y Protecci\u00f3n de Datos Personales (INAI) en caso de considerar que su derecho a la protecci\u00f3n de datos personales ha sido vulnerado, para lo cual tambi\u00e9n puede ingresar a la p\u00e1gina:\u00a0<\/span><a href=\"http:\/\/www.inai.gob.mx\/\"><span class=\"s8\">www.inai.gob.mx<\/span><\/a><\/p>\n<p class=\"s5\"><span class=\"s4\">\u00a0<\/span><\/p>\n<p class=\"s5\"><span class=\"s2\">OTROS MEDIOS PARA LIMITAR EL USO O DIVULGACI\u00d3N DE SUS DATOS PERSONALES.<\/span><span class=\"s4\">\u00a0<\/span><\/p>\n<p class=\"s5\"><span class=\"s4\">Usted puede inscribir su n\u00famero telef\u00f3nico en el Registro P\u00fablico para Evitar Publicidad (REPEP)de la Procuradur\u00eda Federal del Consumidor (PROFECO), cuando no desee que su informaci\u00f3n sea utilizada para fines mercadol\u00f3gicos o publicitarios o que no desee recibir publicidad, para lo cual deber\u00e1 ingresar a la p\u00e1gina:\u00a0<\/span><a href=\"http:\/\/www.profeco.gob.mx\/\"><span class=\"s8\">www.profeco.gob.mx<\/span><\/a><\/p>\n<p class=\"s5\"><span class=\"s4\">Tambi\u00e9n puede limitar el uso o divulgaci\u00f3n de sus datos personales inscribi\u00e9ndose en el Registro P\u00fablico de Usuarios (REUS) que no desean informaci\u00f3n publicitaria de productos o servicios financieros, para lo cual debe ingresar a la p\u00e1gina:\u00a0<\/span><a href=\"http:\/\/www.condusef.gob.mx\/\"><span class=\"s8\">www.condusef.gob.mx<\/span><\/a><\/p>\n<p class=\"s5\"><span class=\"s4\">\u00a0<\/span><\/p>\n<p class=\"s5\"><span class=\"s2\">TRANSFERENCIA DE DATOS PERSONALES.<\/span><\/p>\n<p class=\"s5\"><span class=\"s4\">En el caso de Clientes Potenciales o Clientes, Visitantes, los datos a que se refiere este Aviso, podr\u00e1n ser transferidos conforme a lo que se se\u00f1ala a continuaci\u00f3n:<\/span><\/p>\n<div class=\"s7\">1. <span class=\"s4\">Terceros derivado de un reestructura corporativa.<\/span><\/div>\n<div class=\"s7\">1. <span class=\"s4\">Autoridades mexicanas y extranjeras, de car\u00e1cter civil, mercantil, penal, laboral, administrativa o fiscal, con la finalidad de dar cumplimiento a notificaciones, requerimientos u oficios.<\/span><\/div>\n<p class=\"s5\"><span class=\"s4\">Los terceros y las entidades receptores de datos personales, asumen las mismas obligaciones y\/o responsabilidades del\u00a0<\/span><span class=\"s2\">\u201c<\/span><span class=\"s2\">FRUGASA<\/span><span class=\"s6\">\u201d<\/span><span class=\"s4\">, de conformidad con lo descrito en el presente Aviso de Privacidad.\u00a0<\/span><\/p>\n<p class=\"s5\"><span class=\"s4\">En caso de que Usted no consienta que sus datos personales sean transferidos a los terceros arriba se\u00f1alados, le suplicamos nos haga el favor de llenar la solicitud de protecci\u00f3n de derechos en escrito libre, la presente en nuestro domicilio ante la persona de dar tr\u00e1mite a las solicitudes o al correo electr\u00f3nico, para que en un plazo que no deber\u00e1 exceder de 20 d\u00edas h\u00e1biles reciba nuestra respuesta por escrito a su petici\u00f3n, de ser procedente se har\u00e1 efectiva la determinaci\u00f3n, dentro de los 15 d\u00edas h\u00e1biles siguientes a la fecha en que se haya comunicado la respuesta.<\/span><\/p>\n<p class=\"s5\"><span class=\"s4\">\u00a0<\/span><\/p>\n<p class=\"s5\"><span class=\"s2\">DERECHOS ARCO (ACCESO, RECTIFICACION, CANCELACI\u00d3N U OPOSICI\u00d3N)<\/span><span class=\"s4\">\u00a0<\/span><\/p>\n<p class=\"s5\"><span class=\"s4\">Usted podr\u00e1 ejercer su derecho de revocaci\u00f3n de consentimiento, as\u00ed como sus Derechos ARCO para el Acceso a sus datos personales que el\u00a0<\/span><span class=\"s2\">\u201c<\/span><span class=\"s2\">FRUGASA<\/span><span class=\"s6\">\u201d<\/span><span class=\"s4\">\u00a0posee, para obtener detalles sobre el tratamiento de los mismos, para Rectificarlos en caso de ser inexactos o incompletos, para Cancelarlos cuando considere que resulten ser excesivos o innecesarios para los fines que justificaron su obtenci\u00f3n y para Oponerse al tratamiento de los mismos para fines espec\u00edficos. Para dichos efectos, Usted deber\u00e1 enviar una solicitud en t\u00e9rminos de lo establecido por la LFPDPPP, al siguiente correo electr\u00f3nico: contacto@<\/span><span class=\"s4\">frugasa.<\/span><span class=\"s4\">mx\u00a0a fin de que\u00a0<\/span><span class=\"s2\">\u201c<\/span><span class=\"s6\">FRUGASA<\/span><span class=\"s6\">\u201d<\/span><span class=\"s4\">\u00a0pueda procesar su petici\u00f3n. En todos los casos en los que su solicitud sea procedente en t\u00e9rminos de lo se\u00f1alado por la LFPDPPP, la entrega de los datos personales ser\u00e1 gratuita y usted deber\u00e1 cubrir los gastos justificados por el env\u00edo o por el costo de reproducci\u00f3n en copias u otros formatos que se generen.<\/span><\/p>\n<p class=\"s5\"><span class=\"s2\">\u00a0<\/span><\/p>\n<p class=\"s5\"><span class=\"s2\">DISPONIBILIDAD DEL AVISO DE PRIVACIDAD.<\/span><\/p>\n<p class=\"s5\"><span class=\"s4\">Asimismo, el\u00a0<\/span><span class=\"s2\">\u201c<\/span><span class=\"s6\">FRUGASA<\/span><span class=\"s4\">\u201d pone a su disposici\u00f3n el Aviso de Privacidad, en esta misma p\u00e1gina web.<\/span><\/p>\n<p class=\"s5\"><span class=\"s4\">\u00a0<\/span><\/p>\n<p class=\"s5\"><span class=\"s2\">TECNOLOG\u00cdAS INFORMATICAS ASIMILADAS,\u00a0<\/span><span class=\"s6\">COOKIES<\/span><span class=\"s2\">,\u00a0<\/span><span class=\"s6\">WEB BEACON<\/span><span class=\"s2\">\u00a0ETC.\u00a0 \u00a0<\/span><\/p>\n<p class=\"s5\"><span class=\"s4\">En los sitios del\u00a0<\/span><span class=\"s2\">\u201c<\/span><span class=\"s2\">FRUGASA<\/span><span class=\"s6\">\u201d<\/span><span class=\"s4\">\u00a0se puede emitir publicidad o la ejecuci\u00f3n de funciones de terceros que env\u00edan cookies al equipo de c\u00f3mputo de los usuarios.\u00a0 Mediante el uso de \u00e9stas cookies no se identifica personalmente a los usuarios, \u00fanicamente a su equipo de c\u00f3mputo. Como usuario, Usted podr\u00e1 cambiar sus opciones a trav\u00e9s de su equipo de c\u00f3mputo o navegador de internet para dejar de aceptar cookies, o bien, confirmar si las permite o rechaza.\u00a0 Sin embargo, en caso de que desactive las cookies podr\u00eda no tener acceso a algunas de las funciones personalizadas de nuestro Sitio Web.\u00a0<\/span><\/p>\n<p class=\"s5\"><span class=\"s4\">Asimismo, te informamos que puedes deshabilitar estas tecnolog\u00edas. Para conocer c\u00f3mo hacerlo, consulta la informaci\u00f3n t\u00e9cnica del navegador que est\u00e9s utilizando.<\/span><\/p>\n<p class=\"s5\"><span class=\"s4\">\u00a0<\/span><\/p>\n<p class=\"s5\"><span class=\"s2\">FORMA DE CONTACTO CON EL OFICIAL DE PRIVACIDAD Y PERSONA RESPONSABLE\u00a0\u00a0<\/span><span class=\"s4\">\u00a0<\/span><\/p>\n<p class=\"s5\"><span class=\"s4\">Para todo lo relacionado con el tratamiento y protecci\u00f3n de sus datos personales, usted podr\u00e1 contactarse con nuestro oficial de privacidad enviando un correo electr\u00f3nico a la siguiente direcci\u00f3n: contacto@<\/span><span class=\"s4\">frugasa<\/span><span class=\"s4\">.mx<\/span><\/p>\n<p class=\"s5\"><span class=\"s4\">\u00a0<\/span><\/p>\n<p class=\"s5\"><span class=\"s2\">ACTUALIZACI\u00d3N DEL AVISO DE PRIVACIDAD .<\/span><\/p>\n<p class=\"s5\"><span class=\"s4\">El \u201c<\/span><span class=\"s4\">FRUGASA<\/span><span class=\"s6\">\u201d<\/span><span class=\"s4\">\u00a0podr\u00e1 modificar el presente aviso de privacidad en cualquier tiempo y lo mantendr\u00e1 siempre a disposici\u00f3n por este conducto para su consulta.<\/span><\/p>\n<p>\u00a0<\/p>\t\t\t\t\t\t\t\t<\/div>\n\t\t\t\t<\/div>\n\t\t\t\t\t<\/div>\n\t\t<\/div>\n\t\t\t\t\t<\/div>\n\t\t<\/section>\n\t\t\t\t<\/div>","protected":false},"excerpt":{"rendered":"<p>AVISO DE PRIVACIDAD FRUGASA S.A. DE C.V.\u00a0\u00a0(en adelante denominado como el \u201cFRUGASA\u201d), con domicilio en Retorno Antonio Caso\u00a0#340,\u00a0Complejo Industrial Chihuahua,C.P.\u00a031136, Chihuahua, Chihuahua, M\u00e9xico es el responsable del tratamiento de sus datos personales. Le informamos que obtenemos sus datos personales a trav\u00e9s de las siguientes formas: 1. Personalmente:\u00a0Cuando usted acude al\u00a0 domicilio o cualquier punto de [&hellip;]<\/p>","protected":false},"author":1,"featured_media":0,"parent":0,"menu_order":0,"comment_status":"closed","ping_status":"open","template":"elementor_header_footer","meta":{"_monsterinsights_skip_tracking":false,"_monsterinsights_sitenote_active":false,"_monsterinsights_sitenote_note":"","_monsterinsights_sitenote_category":0,"footnotes":""},"class_list":["post-3","page","type-page","status-publish","hentry"],"_links":{"self":[{"href":"https:\/\/frugasa.mx\/en\/wp-json\/wp\/v2\/pages\/3"}],"collection":[{"href":"https:\/\/frugasa.mx\/en\/wp-json\/wp\/v2\/pages"}],"about":[{"href":"https:\/\/frugasa.mx\/en\/wp-json\/wp\/v2\/types\/page"}],"author":[{"embeddable":true,"href":"https:\/\/frugasa.mx\/en\/wp-json\/wp\/v2\/users\/1"}],"replies":[{"embeddable":true,"href":"https:\/\/frugasa.mx\/en\/wp-json\/wp\/v2\/comments?post=3"}],"version-history":[{"count":3,"href":"https:\/\/frugasa.mx\/en\/wp-json\/wp\/v2\/pages\/3\/revisions"}],"predecessor-version":[{"id":2086,"href":"https:\/\/frugasa.mx\/en\/wp-json\/wp\/v2\/pages\/3\/revisions\/2086"}],"wp:attachment":[{"href":"https:\/\/frugasa.mx\/en\/wp-json\/wp\/v2\/media?parent=3"}],"curies":[{"name":"wp","href":"https:\/\/api.w.org\/{rel}","templated":true}]}}